{"id":4554,"date":"2023-08-08T08:27:23","date_gmt":"2023-08-08T08:27:23","guid":{"rendered":"https:\/\/elementor2.ameclexdir.com\/?page_id=4554"},"modified":"2023-08-31T09:43:44","modified_gmt":"2023-08-31T09:43:44","slug":"recursos-online-de-inteligencia-de-mercados-internacional","status":"publish","type":"page","link":"https:\/\/elementor2.ameclexdir.com\/index.php\/internacionaliza-mas\/cursos-internacionalizacion\/recursos-online-de-inteligencia-de-mercados-internacional\/","title":{"rendered":"Recursos online de inteligencia de mercados internacional"},"content":{"rendered":"\t\t<div data-elementor-type=\"wp-page\" data-elementor-id=\"4554\" class=\"elementor elementor-4554\" data-elementor-post-type=\"page\">\n\t\t\t\t\t\t\t\t\t<section class=\"elementor-section elementor-top-section elementor-element elementor-element-f4558d4 elementor-section-boxed elementor-section-height-default elementor-section-height-default\" data-id=\"f4558d4\" data-element_type=\"section\" data-settings=\"{&quot;background_background&quot;:&quot;classic&quot;}\">\n\t\t\t\t\t\t<div class=\"elementor-container elementor-column-gap-default\">\n\t\t\t\t\t<div class=\"elementor-column elementor-col-100 elementor-top-column elementor-element elementor-element-f7e60f4\" data-id=\"f7e60f4\" data-element_type=\"column\">\n\t\t\t<div class=\"elementor-widget-wrap elementor-element-populated\">\n\t\t\t\t\t\t\t\t<div class=\"elementor-element elementor-element-6a3b5dd elementor-widget-divider--view-line elementor-widget elementor-widget-global elementor-global-159 elementor-widget-divider\" data-id=\"6a3b5dd\" data-element_type=\"widget\" data-widget_type=\"divider.default\">\n\t\t\t\t<div class=\"elementor-widget-container\">\n\t\t\t<style>\/*! elementor - v3.18.0 - 20-12-2023 *\/\n.elementor-widget-divider{--divider-border-style:none;--divider-border-width:1px;--divider-color:#0c0d0e;--divider-icon-size:20px;--divider-element-spacing:10px;--divider-pattern-height:24px;--divider-pattern-size:20px;--divider-pattern-url:none;--divider-pattern-repeat:repeat-x}.elementor-widget-divider .elementor-divider{display:flex}.elementor-widget-divider .elementor-divider__text{font-size:15px;line-height:1;max-width:95%}.elementor-widget-divider .elementor-divider__element{margin:0 var(--divider-element-spacing);flex-shrink:0}.elementor-widget-divider .elementor-icon{font-size:var(--divider-icon-size)}.elementor-widget-divider .elementor-divider-separator{display:flex;margin:0;direction:ltr}.elementor-widget-divider--view-line_icon .elementor-divider-separator,.elementor-widget-divider--view-line_text .elementor-divider-separator{align-items:center}.elementor-widget-divider--view-line_icon .elementor-divider-separator:after,.elementor-widget-divider--view-line_icon .elementor-divider-separator:before,.elementor-widget-divider--view-line_text .elementor-divider-separator:after,.elementor-widget-divider--view-line_text .elementor-divider-separator:before{display:block;content:\"\";border-bottom:0;flex-grow:1;border-top:var(--divider-border-width) var(--divider-border-style) var(--divider-color)}.elementor-widget-divider--element-align-left .elementor-divider .elementor-divider-separator>.elementor-divider__svg:first-of-type{flex-grow:0;flex-shrink:100}.elementor-widget-divider--element-align-left .elementor-divider-separator:before{content:none}.elementor-widget-divider--element-align-left .elementor-divider__element{margin-left:0}.elementor-widget-divider--element-align-right .elementor-divider .elementor-divider-separator>.elementor-divider__svg:last-of-type{flex-grow:0;flex-shrink:100}.elementor-widget-divider--element-align-right .elementor-divider-separator:after{content:none}.elementor-widget-divider--element-align-right .elementor-divider__element{margin-right:0}.elementor-widget-divider:not(.elementor-widget-divider--view-line_text):not(.elementor-widget-divider--view-line_icon) .elementor-divider-separator{border-top:var(--divider-border-width) var(--divider-border-style) var(--divider-color)}.elementor-widget-divider--separator-type-pattern{--divider-border-style:none}.elementor-widget-divider--separator-type-pattern.elementor-widget-divider--view-line .elementor-divider-separator,.elementor-widget-divider--separator-type-pattern:not(.elementor-widget-divider--view-line) .elementor-divider-separator:after,.elementor-widget-divider--separator-type-pattern:not(.elementor-widget-divider--view-line) .elementor-divider-separator:before,.elementor-widget-divider--separator-type-pattern:not([class*=elementor-widget-divider--view]) .elementor-divider-separator{width:100%;min-height:var(--divider-pattern-height);-webkit-mask-size:var(--divider-pattern-size) 100%;mask-size:var(--divider-pattern-size) 100%;-webkit-mask-repeat:var(--divider-pattern-repeat);mask-repeat:var(--divider-pattern-repeat);background-color:var(--divider-color);-webkit-mask-image:var(--divider-pattern-url);mask-image:var(--divider-pattern-url)}.elementor-widget-divider--no-spacing{--divider-pattern-size:auto}.elementor-widget-divider--bg-round{--divider-pattern-repeat:round}.rtl .elementor-widget-divider .elementor-divider__text{direction:rtl}.e-con-inner>.elementor-widget-divider,.e-con>.elementor-widget-divider{width:var(--container-widget-width,100%);--flex-grow:var(--container-widget-flex-grow)}<\/style>\t\t<div class=\"elementor-divider\">\n\t\t\t<span class=\"elementor-divider-separator\">\n\t\t\t\t\t\t<\/span>\n\t\t<\/div>\n\t\t\t\t<\/div>\n\t\t\t\t<\/div>\n\t\t\t\t\t<\/div>\n\t\t<\/div>\n\t\t\t\t\t\t\t<\/div>\n\t\t<\/section>\n\t\t\t\t<section class=\"elementor-section elementor-top-section elementor-element elementor-element-fef5049 elementor-section-boxed elementor-section-height-default elementor-section-height-default\" data-id=\"fef5049\" data-element_type=\"section\" data-settings=\"{&quot;background_background&quot;:&quot;classic&quot;}\">\n\t\t\t\t\t\t<div class=\"elementor-container elementor-column-gap-default\">\n\t\t\t\t\t<div class=\"elementor-column elementor-col-33 elementor-top-column elementor-element elementor-element-94219b6\" data-id=\"94219b6\" data-element_type=\"column\">\n\t\t\t<div class=\"elementor-widget-wrap elementor-element-populated\">\n\t\t\t\t\t\t\t\t<div class=\"elementor-element elementor-element-860079d elementor-widget elementor-widget-heading\" data-id=\"860079d\" data-element_type=\"widget\" data-widget_type=\"heading.default\">\n\t\t\t\t<div class=\"elementor-widget-container\">\n\t\t\t<style>\/*! elementor - v3.18.0 - 20-12-2023 *\/\n.elementor-heading-title{padding:0;margin:0;line-height:1}.elementor-widget-heading .elementor-heading-title[class*=elementor-size-]>a{color:inherit;font-size:inherit;line-height:inherit}.elementor-widget-heading .elementor-heading-title.elementor-size-small{font-size:15px}.elementor-widget-heading .elementor-heading-title.elementor-size-medium{font-size:19px}.elementor-widget-heading .elementor-heading-title.elementor-size-large{font-size:29px}.elementor-widget-heading .elementor-heading-title.elementor-size-xl{font-size:39px}.elementor-widget-heading .elementor-heading-title.elementor-size-xxl{font-size:59px}<\/style><h2 class=\"elementor-heading-title elementor-size-default\">\u00bfQuieres utilizar la informaci\u00f3n como los expertos de amec?\n<\/h2>\t\t<\/div>\n\t\t\t\t<\/div>\n\t\t\t\t\t<\/div>\n\t\t<\/div>\n\t\t\t\t<div class=\"elementor-column elementor-col-66 elementor-top-column elementor-element elementor-element-cca483b\" data-id=\"cca483b\" data-element_type=\"column\">\n\t\t\t<div class=\"elementor-widget-wrap elementor-element-populated\">\n\t\t\t\t\t\t\t\t<div class=\"elementor-element elementor-element-e4dd755 elementor-widget elementor-widget-text-editor\" data-id=\"e4dd755\" data-element_type=\"widget\" data-widget_type=\"text-editor.default\">\n\t\t\t\t<div class=\"elementor-widget-container\">\n\t\t\t<style>\/*! elementor - v3.18.0 - 20-12-2023 *\/\n.elementor-widget-text-editor.elementor-drop-cap-view-stacked .elementor-drop-cap{background-color:#69727d;color:#fff}.elementor-widget-text-editor.elementor-drop-cap-view-framed .elementor-drop-cap{color:#69727d;border:3px solid;background-color:transparent}.elementor-widget-text-editor:not(.elementor-drop-cap-view-default) .elementor-drop-cap{margin-top:8px}.elementor-widget-text-editor:not(.elementor-drop-cap-view-default) .elementor-drop-cap-letter{width:1em;height:1em}.elementor-widget-text-editor .elementor-drop-cap{float:left;text-align:center;line-height:1;font-size:50px}.elementor-widget-text-editor .elementor-drop-cap-letter{display:inline-block}<\/style>\t\t\t\t<ul><li>Formaci\u00f3n de 4 horas dividida en 2 sesiones de 2 horas cada una<\/li><li>Programa online (con 40% de descuento para los miembros de\u00a0<em><strong>amec<\/strong><\/em>)<\/li><\/ul><p>\u00a0<\/p><p>En este taller, el Observatorio amec explicar\u00e1 las<strong>\u00a0bases para construir una estrategia de Inteligencia de mercados internacional,<\/strong>\u00a0desde realizar una b\u00fasqueda de contactos internacionales hasta seguir las posibles alertas y oportunidades comerciales, y utilizar los indicadores econ\u00f3micos y comerciales para\u00a0<strong>evaluar el potencial de los diferentes mercados internacionales.<\/strong><\/p><p><strong>Dirigido al personal del departamento de exportaci\u00f3n.<\/strong><\/p><p><strong>Reserva tu plaza enviando un mail a\u00a0<a href=\"mailto:epahissa@amec.es\">epahissa@amec.es<\/a><\/strong><\/p>\t\t\t\t\t\t<\/div>\n\t\t\t\t<\/div>\n\t\t\t\t\t<\/div>\n\t\t<\/div>\n\t\t\t\t\t\t\t<\/div>\n\t\t<\/section>\n\t\t\t\t<section class=\"elementor-section elementor-top-section elementor-element elementor-element-1049c09 elementor-section-boxed elementor-section-height-default elementor-section-height-default\" data-id=\"1049c09\" data-element_type=\"section\" data-settings=\"{&quot;background_background&quot;:&quot;classic&quot;}\">\n\t\t\t\t\t\t<div class=\"elementor-container elementor-column-gap-default\">\n\t\t\t\t\t<div class=\"elementor-column elementor-col-33 elementor-top-column elementor-element elementor-element-96c54e7\" data-id=\"96c54e7\" data-element_type=\"column\">\n\t\t\t<div class=\"elementor-widget-wrap elementor-element-populated\">\n\t\t\t\t\t\t\t\t<div class=\"elementor-element elementor-element-fcd584f elementor-widget elementor-widget-heading\" data-id=\"fcd584f\" data-element_type=\"widget\" data-widget_type=\"heading.default\">\n\t\t\t\t<div class=\"elementor-widget-container\">\n\t\t\t<h2 class=\"elementor-heading-title elementor-size-default\">Contenido del Programa\n<\/h2>\t\t<\/div>\n\t\t\t\t<\/div>\n\t\t\t\t\t<\/div>\n\t\t<\/div>\n\t\t\t\t<div class=\"elementor-column elementor-col-66 elementor-top-column elementor-element elementor-element-6dbf040\" data-id=\"6dbf040\" data-element_type=\"column\">\n\t\t\t<div class=\"elementor-widget-wrap elementor-element-populated\">\n\t\t\t\t\t\t\t\t<div class=\"elementor-element elementor-element-249ecf6 elementor-widget elementor-widget-text-editor\" data-id=\"249ecf6\" data-element_type=\"widget\" data-widget_type=\"text-editor.default\">\n\t\t\t\t<div class=\"elementor-widget-container\">\n\t\t\t\t\t\t\t<p>Esta formaci\u00f3n abarcar\u00e1 los siguientes aspectos:<\/p><ul><li>C\u00f3mo realizar una b\u00fasqueda de contactos internacionales<\/li><li>Informes y bases de datos para evaluar el potencial de los mercados, con indicadores econ\u00f3micos y comerciales.<\/li><li>Recursos para conocer aranceles y reglas de origen.<\/li><li>Fuentes de informaci\u00f3n sobre barreras al comercio y la inversi\u00f3n.<\/li><li>Directorios de ferias<\/li><li>Fuentes de licitaciones y proyectos<\/li><\/ul>\t\t\t\t\t\t<\/div>\n\t\t\t\t<\/div>\n\t\t\t\t\t<\/div>\n\t\t<\/div>\n\t\t\t\t\t\t\t<\/div>\n\t\t<\/section>\n\t\t\t\t<section class=\"elementor-section elementor-top-section elementor-element elementor-element-276852e elementor-section-boxed elementor-section-height-default elementor-section-height-default\" data-id=\"276852e\" data-element_type=\"section\" data-settings=\"{&quot;background_background&quot;:&quot;classic&quot;}\">\n\t\t\t\t\t\t<div class=\"elementor-container elementor-column-gap-default\">\n\t\t\t\t\t<div class=\"elementor-column elementor-col-33 elementor-top-column elementor-element elementor-element-72ad0c2\" data-id=\"72ad0c2\" data-element_type=\"column\">\n\t\t\t<div class=\"elementor-widget-wrap elementor-element-populated\">\n\t\t\t\t\t\t\t\t<div class=\"elementor-element elementor-element-e97ae57 elementor-widget elementor-widget-heading\" data-id=\"e97ae57\" data-element_type=\"widget\" data-widget_type=\"heading.default\">\n\t\t\t\t<div class=\"elementor-widget-container\">\n\t\t\t<h2 class=\"elementor-heading-title elementor-size-default\">Consultor\u00eda personalizada\n<\/h2>\t\t<\/div>\n\t\t\t\t<\/div>\n\t\t\t\t<div class=\"elementor-element elementor-element-218e0d7 elementor-widget-divider--view-line elementor-widget elementor-widget-global elementor-global-159 elementor-widget-divider\" data-id=\"218e0d7\" data-element_type=\"widget\" data-widget_type=\"divider.default\">\n\t\t\t\t<div class=\"elementor-widget-container\">\n\t\t\t\t\t<div class=\"elementor-divider\">\n\t\t\t<span class=\"elementor-divider-separator\">\n\t\t\t\t\t\t<\/span>\n\t\t<\/div>\n\t\t\t\t<\/div>\n\t\t\t\t<\/div>\n\t\t\t\t\t<\/div>\n\t\t<\/div>\n\t\t\t\t<div class=\"elementor-column elementor-col-66 elementor-top-column elementor-element elementor-element-82c22a9\" data-id=\"82c22a9\" data-element_type=\"column\">\n\t\t\t<div class=\"elementor-widget-wrap elementor-element-populated\">\n\t\t\t\t\t\t\t\t<div class=\"elementor-element elementor-element-7a5c25b elementor-widget elementor-widget-text-editor\" data-id=\"7a5c25b\" data-element_type=\"widget\" data-widget_type=\"text-editor.default\">\n\t\t\t\t<div class=\"elementor-widget-container\">\n\t\t\t\t\t\t\t<p>\u00a1Com\u00e9ntanos tu caso!<\/p><p>Como continuaci\u00f3n a la formaci\u00f3n podemos ayudarte en tu b\u00fasqueda de una forma individualizada.\u00a0<\/p><p>Desde el Observatorio de\u00a0<em><strong>amec<\/strong><\/em>, ponemos a tu disposici\u00f3n dos horas de consultor\u00eda para ayudarte en\u00a0construir tu estrategia de<strong>\u00a0Inteligencia de mercados internacional.<\/strong><\/p>\t\t\t\t\t\t<\/div>\n\t\t\t\t<\/div>\n\t\t\t\t\t<\/div>\n\t\t<\/div>\n\t\t\t\t\t\t\t<\/div>\n\t\t<\/section>\n\t\t\t\t<section class=\"elementor-section elementor-top-section elementor-element elementor-element-b3c9527 elementor-section-boxed elementor-section-height-default elementor-section-height-default\" data-id=\"b3c9527\" data-element_type=\"section\" data-settings=\"{&quot;background_background&quot;:&quot;classic&quot;}\">\n\t\t\t\t\t\t<div class=\"elementor-container elementor-column-gap-default\">\n\t\t\t\t\t<div class=\"elementor-column elementor-col-100 elementor-top-column elementor-element elementor-element-368c05d\" data-id=\"368c05d\" data-element_type=\"column\">\n\t\t\t<div class=\"elementor-widget-wrap elementor-element-populated\">\n\t\t\t\t\t\t\t\t<div class=\"elementor-element elementor-element-a61f804 elementor-widget elementor-widget-heading\" data-id=\"a61f804\" data-element_type=\"widget\" data-widget_type=\"heading.default\">\n\t\t\t\t<div class=\"elementor-widget-container\">\n\t\t\t<h3 class=\"elementor-heading-title elementor-size-default\">Formador\n<\/h3>\t\t<\/div>\n\t\t\t\t<\/div>\n\t\t\t\t<div class=\"elementor-element elementor-element-d308a08 elementor-widget-divider--view-line elementor-widget elementor-widget-global elementor-global-159 elementor-widget-divider\" data-id=\"d308a08\" data-element_type=\"widget\" data-widget_type=\"divider.default\">\n\t\t\t\t<div class=\"elementor-widget-container\">\n\t\t\t\t\t<div class=\"elementor-divider\">\n\t\t\t<span class=\"elementor-divider-separator\">\n\t\t\t\t\t\t<\/span>\n\t\t<\/div>\n\t\t\t\t<\/div>\n\t\t\t\t<\/div>\n\t\t\t\t\t<\/div>\n\t\t<\/div>\n\t\t\t\t\t\t\t<\/div>\n\t\t<\/section>\n\t\t\t\t<section class=\"elementor-section elementor-top-section elementor-element elementor-element-96d5638 elementor-section-boxed elementor-section-height-default elementor-section-height-default\" data-id=\"96d5638\" data-element_type=\"section\" data-settings=\"{&quot;background_background&quot;:&quot;classic&quot;}\">\n\t\t\t\t\t\t<div class=\"elementor-container elementor-column-gap-default\">\n\t\t\t\t\t<div class=\"elementor-column elementor-col-33 elementor-top-column elementor-element elementor-element-6e2f64f\" data-id=\"6e2f64f\" data-element_type=\"column\">\n\t\t\t<div class=\"elementor-widget-wrap elementor-element-populated\">\n\t\t\t\t\t\t\t\t<div class=\"elementor-element elementor-element-e9fff62 elementor-flip-box--effect-slide elementor-flip-box--direction-up elementor-widget elementor-widget-flip-box\" data-id=\"e9fff62\" data-element_type=\"widget\" data-widget_type=\"flip-box.default\">\n\t\t\t\t<div class=\"elementor-widget-container\">\n\t\t\t<link rel=\"stylesheet\" href=\"https:\/\/elementor2.ameclexdir.com\/wp-content\/plugins\/elementor-pro\/assets\/css\/widget-flip-box.min.css\">\t\t<div class=\"elementor-flip-box\" tabindex=\"0\">\n\t\t\t<div class=\"elementor-flip-box__layer elementor-flip-box__front\">\n\t\t\t\t<div class=\"elementor-flip-box__layer__overlay\">\n\t\t\t\t\t<div class=\"elementor-flip-box__layer__inner\">\n\t\t\t\t\t\t\n\t\t\t\t\t\t\t\t\t\t\t\t\t<h3 class=\"elementor-flip-box__layer__title\">\n\t\t\t\t\t\t\t\tSusana Gonz\u00e1lez\t\t\t\t\t\t\t<\/h3>\n\t\t\t\t\t\t\n\t\t\t\t\t\t\t\t\t\t\t<\/div>\n\t\t\t\t<\/div>\n\t\t\t<\/div>\n\t\t\t<div class=\"elementor-flip-box__layer elementor-flip-box__back\">\n\t\t\t<div class=\"elementor-flip-box__layer__overlay\">\n\t\t\t\t<div class=\"elementor-flip-box__layer__inner\">\n\t\t\t\t\t\t\t\t\t\t\t<h3 class=\"elementor-flip-box__layer__title\">\n\t\t\t\t\t\t\tSusana Gonz\u00e1lez\t\t\t\t\t\t<\/h3>\n\t\t\t\t\t\n\t\t\t\t\t\t\t\t\t\t\t<div class=\"elementor-flip-box__layer__description\">\n\t\t\t\t\t\t\tEspecialista en Prospectiva Estrat\u00e9gica e Inteligencia de Mercados Internacional\n\n\t\t\t\t\t\t<\/div>\n\t\t\t\t\t\n\t\t\t\t\t\t\t\t<\/div>\n\t\t<\/div>\n\t\t<\/div>\n\t\t<\/div>\n\t\t\t\t<\/div>\n\t\t\t\t<\/div>\n\t\t\t\t\t<\/div>\n\t\t<\/div>\n\t\t\t\t<div class=\"elementor-column elementor-col-33 elementor-top-column elementor-element elementor-element-28c2875\" data-id=\"28c2875\" data-element_type=\"column\">\n\t\t\t<div class=\"elementor-widget-wrap\">\n\t\t\t\t\t\t\t\t\t<\/div>\n\t\t<\/div>\n\t\t\t\t<div class=\"elementor-column elementor-col-33 elementor-top-column elementor-element elementor-element-e361204\" data-id=\"e361204\" data-element_type=\"column\">\n\t\t\t<div class=\"elementor-widget-wrap\">\n\t\t\t\t\t\t\t\t\t<\/div>\n\t\t<\/div>\n\t\t\t\t\t\t\t<\/div>\n\t\t<\/section>\n\t\t\t\t<section class=\"elementor-section elementor-top-section elementor-element elementor-element-43bf1a1 elementor-section-boxed elementor-section-height-default elementor-section-height-default\" data-id=\"43bf1a1\" data-element_type=\"section\" data-settings=\"{&quot;background_background&quot;:&quot;classic&quot;}\">\n\t\t\t\t\t\t<div class=\"elementor-container elementor-column-gap-default\">\n\t\t\t\t\t<div class=\"elementor-column elementor-col-100 elementor-top-column elementor-element elementor-element-470508f\" data-id=\"470508f\" data-element_type=\"column\">\n\t\t\t<div class=\"elementor-widget-wrap elementor-element-populated\">\n\t\t\t\t\t\t\t\t<div class=\"elementor-element elementor-element-4a04749 elementor-widget elementor-widget-heading\" data-id=\"4a04749\" data-element_type=\"widget\" data-widget_type=\"heading.default\">\n\t\t\t\t<div class=\"elementor-widget-container\">\n\t\t\t<h3 class=\"elementor-heading-title elementor-size-default\">Ficha t\u00e9cnica del programa\n<\/h3>\t\t<\/div>\n\t\t\t\t<\/div>\n\t\t\t\t<div class=\"elementor-element elementor-element-f69d49f elementor-widget-divider--view-line elementor-widget elementor-widget-global elementor-global-159 elementor-widget-divider\" data-id=\"f69d49f\" data-element_type=\"widget\" data-widget_type=\"divider.default\">\n\t\t\t\t<div class=\"elementor-widget-container\">\n\t\t\t\t\t<div class=\"elementor-divider\">\n\t\t\t<span class=\"elementor-divider-separator\">\n\t\t\t\t\t\t<\/span>\n\t\t<\/div>\n\t\t\t\t<\/div>\n\t\t\t\t<\/div>\n\t\t\t\t<section class=\"elementor-section elementor-inner-section elementor-element elementor-element-59675bc elementor-section-boxed elementor-section-height-default elementor-section-height-default\" data-id=\"59675bc\" data-element_type=\"section\">\n\t\t\t\t\t\t<div class=\"elementor-container elementor-column-gap-default\">\n\t\t\t\t\t<div class=\"elementor-column elementor-col-50 elementor-inner-column elementor-element elementor-element-e4eb509\" data-id=\"e4eb509\" data-element_type=\"column\">\n\t\t\t<div class=\"elementor-widget-wrap elementor-element-populated\">\n\t\t\t\t\t\t\t\t<div class=\"elementor-element elementor-element-f4db3a9 elementor-widget elementor-widget-image\" data-id=\"f4db3a9\" data-element_type=\"widget\" data-widget_type=\"image.default\">\n\t\t\t\t<div class=\"elementor-widget-container\">\n\t\t\t<style>\/*! elementor - v3.18.0 - 20-12-2023 *\/\n.elementor-widget-image{text-align:center}.elementor-widget-image a{display:inline-block}.elementor-widget-image a img[src$=\".svg\"]{width:48px}.elementor-widget-image img{vertical-align:middle;display:inline-block}<\/style>\t\t\t\t\t\t\t\t\t\t\t\t<img fetchpriority=\"high\" decoding=\"async\" width=\"800\" height=\"354\" src=\"https:\/\/elementor2.ameclexdir.com\/wp-content\/uploads\/2023\/08\/inteligencia-mercats-2-1024x453.jpg\" class=\"attachment-large size-large wp-image-4561\" alt=\"\" srcset=\"https:\/\/elementor2.ameclexdir.com\/wp-content\/uploads\/2023\/08\/inteligencia-mercats-2-1024x453.jpg 1024w, https:\/\/elementor2.ameclexdir.com\/wp-content\/uploads\/2023\/08\/inteligencia-mercats-2-300x133.jpg 300w, https:\/\/elementor2.ameclexdir.com\/wp-content\/uploads\/2023\/08\/inteligencia-mercats-2-768x340.jpg 768w, https:\/\/elementor2.ameclexdir.com\/wp-content\/uploads\/2023\/08\/inteligencia-mercats-2.jpg 1419w\" sizes=\"(max-width: 800px) 100vw, 800px\" \/>\t\t\t\t\t\t\t\t\t\t\t\t\t\t\t<\/div>\n\t\t\t\t<\/div>\n\t\t\t\t\t<\/div>\n\t\t<\/div>\n\t\t\t\t<div class=\"elementor-column elementor-col-50 elementor-inner-column elementor-element elementor-element-a044b76\" data-id=\"a044b76\" data-element_type=\"column\">\n\t\t\t<div class=\"elementor-widget-wrap elementor-element-populated\">\n\t\t\t\t\t\t\t\t<div class=\"elementor-element elementor-element-6060ae6 elementor-widget elementor-widget-text-editor\" data-id=\"6060ae6\" data-element_type=\"widget\" data-widget_type=\"text-editor.default\">\n\t\t\t\t<div class=\"elementor-widget-container\">\n\t\t\t\t\t\t\t<p>Las empresas miembro de\u00a0<em><strong>amec<\/strong>\u00a0<\/em>disponen de un\u00a0<strong>40% de descuento en el precio<\/strong><\/p><p>Miembros<em>\u00a0<strong>amec<\/strong><\/em>: 260 \u20ac + 21% IVA<\/p><p>Empresas no miembro: 433\u20ac + 21% IVA<\/p><p>N\u00famero m\u00ednimo de asistentes: 7<\/p>\t\t\t\t\t\t<\/div>\n\t\t\t\t<\/div>\n\t\t\t\t\t<\/div>\n\t\t<\/div>\n\t\t\t\t\t\t\t<\/div>\n\t\t<\/section>\n\t\t\t\t<div class=\"elementor-element elementor-element-9fccf0b elementor-widget elementor-widget-text-editor\" data-id=\"9fccf0b\" data-element_type=\"widget\" data-widget_type=\"text-editor.default\">\n\t\t\t\t<div class=\"elementor-widget-container\">\n\t\t\t\t\t\t\t<p>Precio de la consultor\u00eda posterior para empresas miembros de amec: 85\u20ac\/hora. No miembros: 142\u20ac\/hora<\/p><p>\u00a0<\/p><p>Formaci\u00f3n en colaboraci\u00f3n con\u00a0 \u00a0 <img decoding=\"async\" src=\"https:\/\/elementor2.ameclexdir.com\/wp-content\/uploads\/2023\/08\/logo-ceam-1.gif\" width=\"192\" height=\"61\" \/><\/p><p>\u00a0<\/p><p><strong>Pol\u00edtica de cancelaci\u00f3n<\/strong><\/p><p>Para cancelaciones realizadas durante los 30 d\u00edas antes del inicio del taller, se devolver\u00e1 el 75% del importe.<\/p><p>Para cancelaciones realizadas durante los 15 d\u00edas antes del inicio del taller, no se devolver\u00e1 el importe.<\/p><p><strong>Gesti\u00f3n de la Bonificaci\u00f3n Fundae:\u00a0<em>amec<\/em>\u00a0no gestionar\u00e1 la bonificaci\u00f3n fundae en esta formaci\u00f3n.<\/strong><\/p><p class=\"p1\">\u00bf Tienes alguna pregunta? envia un correo a Eva Pahissa &#8211;\u00a0\u00a0<a href=\"mailto:epahissa@amec.es\">epahissa@amec.es<\/a><\/p>\t\t\t\t\t\t<\/div>\n\t\t\t\t<\/div>\n\t\t\t\t\t<\/div>\n\t\t<\/div>\n\t\t\t\t\t\t\t<\/div>\n\t\t<\/section>\n\t\t\t\t\t\t\t<\/div>\n\t\t","protected":false},"excerpt":{"rendered":"<p>\u00bfQuieres utilizar la informaci\u00f3n como los expertos de amec? Formaci\u00f3n de 4 horas dividida en 2 sesiones de 2 horas cada una Programa online (con 40% de descuento para los miembros de\u00a0amec) \u00a0 En este taller, el Observatorio amec explicar\u00e1 las\u00a0bases para construir una estrategia de Inteligencia de mercados internacional,\u00a0desde realizar una b\u00fasqueda de contactos [&hellip;]<\/p>\n","protected":false},"author":1,"featured_media":4555,"parent":615,"menu_order":0,"comment_status":"closed","ping_status":"closed","template":"","meta":{"inline_featured_image":false,"footnotes":""},"class_list":["post-4554","page","type-page","status-publish","has-post-thumbnail","hentry"],"acf":[],"_links":{"self":[{"href":"https:\/\/elementor2.ameclexdir.com\/index.php\/wp-json\/wp\/v2\/pages\/4554","targetHints":{"allow":["GET"]}}],"collection":[{"href":"https:\/\/elementor2.ameclexdir.com\/index.php\/wp-json\/wp\/v2\/pages"}],"about":[{"href":"https:\/\/elementor2.ameclexdir.com\/index.php\/wp-json\/wp\/v2\/types\/page"}],"author":[{"embeddable":true,"href":"https:\/\/elementor2.ameclexdir.com\/index.php\/wp-json\/wp\/v2\/users\/1"}],"replies":[{"embeddable":true,"href":"https:\/\/elementor2.ameclexdir.com\/index.php\/wp-json\/wp\/v2\/comments?post=4554"}],"version-history":[{"count":5,"href":"https:\/\/elementor2.ameclexdir.com\/index.php\/wp-json\/wp\/v2\/pages\/4554\/revisions"}],"predecessor-version":[{"id":4568,"href":"https:\/\/elementor2.ameclexdir.com\/index.php\/wp-json\/wp\/v2\/pages\/4554\/revisions\/4568"}],"up":[{"embeddable":true,"href":"https:\/\/elementor2.ameclexdir.com\/index.php\/wp-json\/wp\/v2\/pages\/615"}],"wp:featuredmedia":[{"embeddable":true,"href":"https:\/\/elementor2.ameclexdir.com\/index.php\/wp-json\/wp\/v2\/media\/4555"}],"wp:attachment":[{"href":"https:\/\/elementor2.ameclexdir.com\/index.php\/wp-json\/wp\/v2\/media?parent=4554"}],"curies":[{"name":"wp","href":"https:\/\/api.w.org\/{rel}","templated":true}]}}