{"id":556,"date":"2023-07-25T10:57:03","date_gmt":"2023-07-25T10:57:03","guid":{"rendered":"https:\/\/elementor2.ameclexdir.com\/?page_id=556"},"modified":"2023-08-23T12:30:26","modified_gmt":"2023-08-23T12:30:26","slug":"amec-data","status":"publish","type":"page","link":"https:\/\/elementor2.ameclexdir.com\/index.php\/anticipate\/amec-data\/","title":{"rendered":"amec data"},"content":{"rendered":"\t\t<div data-elementor-type=\"wp-page\" data-elementor-id=\"556\" class=\"elementor elementor-556\" data-elementor-post-type=\"page\">\n\t\t\t\t\t\t\t\t\t<section class=\"elementor-section elementor-top-section elementor-element elementor-element-da88d6e elementor-section-boxed elementor-section-height-default elementor-section-height-default\" data-id=\"da88d6e\" data-element_type=\"section\" data-settings=\"{&quot;background_background&quot;:&quot;classic&quot;}\">\n\t\t\t\t\t\t<div class=\"elementor-container elementor-column-gap-default\">\n\t\t\t\t\t<div class=\"elementor-column elementor-col-100 elementor-top-column elementor-element elementor-element-107e200\" data-id=\"107e200\" data-element_type=\"column\">\n\t\t\t<div class=\"elementor-widget-wrap elementor-element-populated\">\n\t\t\t\t\t\t\t\t<div class=\"elementor-element elementor-element-3b2c15e elementor-widget elementor-widget-heading\" data-id=\"3b2c15e\" data-element_type=\"widget\" data-widget_type=\"heading.default\">\n\t\t\t\t<div class=\"elementor-widget-container\">\n\t\t\t<style>\/*! elementor - v3.18.0 - 20-12-2023 *\/\n.elementor-heading-title{padding:0;margin:0;line-height:1}.elementor-widget-heading .elementor-heading-title[class*=elementor-size-]>a{color:inherit;font-size:inherit;line-height:inherit}.elementor-widget-heading .elementor-heading-title.elementor-size-small{font-size:15px}.elementor-widget-heading .elementor-heading-title.elementor-size-medium{font-size:19px}.elementor-widget-heading .elementor-heading-title.elementor-size-large{font-size:29px}.elementor-widget-heading .elementor-heading-title.elementor-size-xl{font-size:39px}.elementor-widget-heading .elementor-heading-title.elementor-size-xxl{font-size:59px}<\/style><p class=\"elementor-heading-title elementor-size-default\"><a href=\"https:\/\/elementor2.ameclexdir.com\/index.php\/contracta-amec\/\">Antic\u00edpate<\/a><\/p>\t\t<\/div>\n\t\t\t\t<\/div>\n\t\t\t\t<div class=\"elementor-element elementor-element-e5c7d4e elementor-widget-divider--view-line elementor-widget elementor-widget-global elementor-global-159 elementor-widget-divider\" data-id=\"e5c7d4e\" data-element_type=\"widget\" data-widget_type=\"divider.default\">\n\t\t\t\t<div class=\"elementor-widget-container\">\n\t\t\t<style>\/*! elementor - v3.18.0 - 20-12-2023 *\/\n.elementor-widget-divider{--divider-border-style:none;--divider-border-width:1px;--divider-color:#0c0d0e;--divider-icon-size:20px;--divider-element-spacing:10px;--divider-pattern-height:24px;--divider-pattern-size:20px;--divider-pattern-url:none;--divider-pattern-repeat:repeat-x}.elementor-widget-divider .elementor-divider{display:flex}.elementor-widget-divider .elementor-divider__text{font-size:15px;line-height:1;max-width:95%}.elementor-widget-divider .elementor-divider__element{margin:0 var(--divider-element-spacing);flex-shrink:0}.elementor-widget-divider .elementor-icon{font-size:var(--divider-icon-size)}.elementor-widget-divider .elementor-divider-separator{display:flex;margin:0;direction:ltr}.elementor-widget-divider--view-line_icon .elementor-divider-separator,.elementor-widget-divider--view-line_text .elementor-divider-separator{align-items:center}.elementor-widget-divider--view-line_icon .elementor-divider-separator:after,.elementor-widget-divider--view-line_icon .elementor-divider-separator:before,.elementor-widget-divider--view-line_text .elementor-divider-separator:after,.elementor-widget-divider--view-line_text .elementor-divider-separator:before{display:block;content:\"\";border-bottom:0;flex-grow:1;border-top:var(--divider-border-width) var(--divider-border-style) var(--divider-color)}.elementor-widget-divider--element-align-left .elementor-divider .elementor-divider-separator>.elementor-divider__svg:first-of-type{flex-grow:0;flex-shrink:100}.elementor-widget-divider--element-align-left .elementor-divider-separator:before{content:none}.elementor-widget-divider--element-align-left .elementor-divider__element{margin-left:0}.elementor-widget-divider--element-align-right .elementor-divider .elementor-divider-separator>.elementor-divider__svg:last-of-type{flex-grow:0;flex-shrink:100}.elementor-widget-divider--element-align-right .elementor-divider-separator:after{content:none}.elementor-widget-divider--element-align-right .elementor-divider__element{margin-right:0}.elementor-widget-divider:not(.elementor-widget-divider--view-line_text):not(.elementor-widget-divider--view-line_icon) .elementor-divider-separator{border-top:var(--divider-border-width) var(--divider-border-style) var(--divider-color)}.elementor-widget-divider--separator-type-pattern{--divider-border-style:none}.elementor-widget-divider--separator-type-pattern.elementor-widget-divider--view-line .elementor-divider-separator,.elementor-widget-divider--separator-type-pattern:not(.elementor-widget-divider--view-line) .elementor-divider-separator:after,.elementor-widget-divider--separator-type-pattern:not(.elementor-widget-divider--view-line) .elementor-divider-separator:before,.elementor-widget-divider--separator-type-pattern:not([class*=elementor-widget-divider--view]) .elementor-divider-separator{width:100%;min-height:var(--divider-pattern-height);-webkit-mask-size:var(--divider-pattern-size) 100%;mask-size:var(--divider-pattern-size) 100%;-webkit-mask-repeat:var(--divider-pattern-repeat);mask-repeat:var(--divider-pattern-repeat);background-color:var(--divider-color);-webkit-mask-image:var(--divider-pattern-url);mask-image:var(--divider-pattern-url)}.elementor-widget-divider--no-spacing{--divider-pattern-size:auto}.elementor-widget-divider--bg-round{--divider-pattern-repeat:round}.rtl .elementor-widget-divider .elementor-divider__text{direction:rtl}.e-con-inner>.elementor-widget-divider,.e-con>.elementor-widget-divider{width:var(--container-widget-width,100%);--flex-grow:var(--container-widget-flex-grow)}<\/style>\t\t<div class=\"elementor-divider\">\n\t\t\t<span class=\"elementor-divider-separator\">\n\t\t\t\t\t\t<\/span>\n\t\t<\/div>\n\t\t\t\t<\/div>\n\t\t\t\t<\/div>\n\t\t\t\t\t<\/div>\n\t\t<\/div>\n\t\t\t\t\t\t\t<\/div>\n\t\t<\/section>\n\t\t\t\t<section class=\"elementor-section elementor-top-section elementor-element elementor-element-51ac8d6 elementor-section-boxed elementor-section-height-default elementor-section-height-default\" data-id=\"51ac8d6\" data-element_type=\"section\" data-settings=\"{&quot;background_background&quot;:&quot;classic&quot;}\">\n\t\t\t\t\t\t<div class=\"elementor-container elementor-column-gap-default\">\n\t\t\t\t\t<div class=\"elementor-column elementor-col-33 elementor-top-column elementor-element elementor-element-25118d1\" data-id=\"25118d1\" data-element_type=\"column\">\n\t\t\t<div class=\"elementor-widget-wrap elementor-element-populated\">\n\t\t\t\t\t\t\t\t<div class=\"elementor-element elementor-element-96a513c elementor-widget elementor-widget-heading\" data-id=\"96a513c\" data-element_type=\"widget\" data-widget_type=\"heading.default\">\n\t\t\t\t<div class=\"elementor-widget-container\">\n\t\t\t<h2 class=\"elementor-heading-title elementor-size-default\">La valiosa<br> informaci\u00f3n que<br> generan los datos\n<\/h2>\t\t<\/div>\n\t\t\t\t<\/div>\n\t\t\t\t\t<\/div>\n\t\t<\/div>\n\t\t\t\t<div class=\"elementor-column elementor-col-66 elementor-top-column elementor-element elementor-element-9422024\" data-id=\"9422024\" data-element_type=\"column\">\n\t\t\t<div class=\"elementor-widget-wrap elementor-element-populated\">\n\t\t\t\t\t\t\t\t<div class=\"elementor-element elementor-element-a619874 elementor-widget elementor-widget-text-editor\" data-id=\"a619874\" data-element_type=\"widget\" data-widget_type=\"text-editor.default\">\n\t\t\t\t<div class=\"elementor-widget-container\">\n\t\t\t<style>\/*! elementor - v3.18.0 - 20-12-2023 *\/\n.elementor-widget-text-editor.elementor-drop-cap-view-stacked .elementor-drop-cap{background-color:#69727d;color:#fff}.elementor-widget-text-editor.elementor-drop-cap-view-framed .elementor-drop-cap{color:#69727d;border:3px solid;background-color:transparent}.elementor-widget-text-editor:not(.elementor-drop-cap-view-default) .elementor-drop-cap{margin-top:8px}.elementor-widget-text-editor:not(.elementor-drop-cap-view-default) .elementor-drop-cap-letter{width:1em;height:1em}.elementor-widget-text-editor .elementor-drop-cap{float:left;text-align:center;line-height:1;font-size:50px}.elementor-widget-text-editor .elementor-drop-cap-letter{display:inline-block}<\/style>\t\t\t\t<p><strong>Con los datos las empresas pueden tomar decisiones y\/o enfatizar acciones.<\/strong>\u00a0Tener informaci\u00f3n actualizada sobre el comportamiento y evoluci\u00f3n de las ventas de productos espa\u00f1oles en los mercados internacionales permite detectar tendencias, oportunidades y riesgos, si cabe.<\/p>\t\t\t\t\t\t<\/div>\n\t\t\t\t<\/div>\n\t\t\t\t\t<\/div>\n\t\t<\/div>\n\t\t\t\t\t\t\t<\/div>\n\t\t<\/section>\n\t\t\t\t<section class=\"elementor-section elementor-top-section elementor-element elementor-element-cc3fbd7 elementor-section-boxed elementor-section-height-default elementor-section-height-default\" data-id=\"cc3fbd7\" data-element_type=\"section\">\n\t\t\t\t\t\t<div class=\"elementor-container elementor-column-gap-default\">\n\t\t\t\t\t<div class=\"elementor-column elementor-col-100 elementor-top-column elementor-element elementor-element-061461b\" data-id=\"061461b\" data-element_type=\"column\">\n\t\t\t<div class=\"elementor-widget-wrap elementor-element-populated\">\n\t\t\t\t\t\t\t\t<div class=\"elementor-element elementor-element-d0e01c3 elementor-widget elementor-widget-text-editor\" data-id=\"d0e01c3\" data-element_type=\"widget\" data-widget_type=\"text-editor.default\">\n\t\t\t\t<div class=\"elementor-widget-container\">\n\t\t\t\t\t\t\t<p><strong>Nuestra misi\u00f3n pasa por detectar qu\u00e9 datos pueden ser \u00fatiles para nuestra comunidad y encontrar la mejor manera de compartirlos.<\/strong>\u00a0En esa l\u00ednea, decidimos monitorizar la evoluci\u00f3n mensual de las exportaciones espa\u00f1olas (solamente de los sectores de\u00a0<em><strong>amec<\/strong><\/em>) para facilitar la comparaci\u00f3n y el an\u00e1lisis por parte de nuestra comunidad de empresas.<\/p>\t\t\t\t\t\t<\/div>\n\t\t\t\t<\/div>\n\t\t\t\t\t<\/div>\n\t\t<\/div>\n\t\t\t\t\t\t\t<\/div>\n\t\t<\/section>\n\t\t\t\t<section class=\"elementor-section elementor-top-section elementor-element elementor-element-061005a elementor-section-boxed elementor-section-height-default elementor-section-height-default\" data-id=\"061005a\" data-element_type=\"section\">\n\t\t\t\t\t\t<div class=\"elementor-container elementor-column-gap-default\">\n\t\t\t\t\t<div class=\"elementor-column elementor-col-50 elementor-top-column elementor-element elementor-element-02c9ffa\" data-id=\"02c9ffa\" data-element_type=\"column\">\n\t\t\t<div class=\"elementor-widget-wrap elementor-element-populated\">\n\t\t\t\t\t\t\t\t<div class=\"elementor-element elementor-element-bc2f9b5 elementor-widget elementor-widget-image\" data-id=\"bc2f9b5\" data-element_type=\"widget\" data-widget_type=\"image.default\">\n\t\t\t\t<div class=\"elementor-widget-container\">\n\t\t\t<style>\/*! elementor - v3.18.0 - 20-12-2023 *\/\n.elementor-widget-image{text-align:center}.elementor-widget-image a{display:inline-block}.elementor-widget-image a img[src$=\".svg\"]{width:48px}.elementor-widget-image img{vertical-align:middle;display:inline-block}<\/style>\t\t\t\t\t\t\t\t\t\t\t\t<img fetchpriority=\"high\" decoding=\"async\" width=\"775\" height=\"515\" src=\"https:\/\/elementor2.ameclexdir.com\/wp-content\/uploads\/2023\/07\/exportacion-4-redim-enc.jpg\" class=\"attachment-large size-large wp-image-1232\" alt=\"\" srcset=\"https:\/\/elementor2.ameclexdir.com\/wp-content\/uploads\/2023\/07\/exportacion-4-redim-enc.jpg 775w, https:\/\/elementor2.ameclexdir.com\/wp-content\/uploads\/2023\/07\/exportacion-4-redim-enc-300x199.jpg 300w, https:\/\/elementor2.ameclexdir.com\/wp-content\/uploads\/2023\/07\/exportacion-4-redim-enc-768x510.jpg 768w\" sizes=\"(max-width: 775px) 100vw, 775px\" \/>\t\t\t\t\t\t\t\t\t\t\t\t\t\t\t<\/div>\n\t\t\t\t<\/div>\n\t\t\t\t\t<\/div>\n\t\t<\/div>\n\t\t\t\t<div class=\"elementor-column elementor-col-50 elementor-top-column elementor-element elementor-element-8655dfc\" data-id=\"8655dfc\" data-element_type=\"column\">\n\t\t\t<div class=\"elementor-widget-wrap elementor-element-populated\">\n\t\t\t\t\t\t\t\t<div class=\"elementor-element elementor-element-8fcdf87 elementor-widget elementor-widget-heading\" data-id=\"8fcdf87\" data-element_type=\"widget\" data-widget_type=\"heading.default\">\n\t\t\t\t<div class=\"elementor-widget-container\">\n\t\t\t<h2 class=\"elementor-heading-title elementor-size-default\">Informe interactivo de exportaciones sectoriales espa\u00f1olas\n<\/h2>\t\t<\/div>\n\t\t\t\t<\/div>\n\t\t\t\t<div class=\"elementor-element elementor-element-19dff7c elementor-widget-divider--view-line elementor-widget elementor-widget-global elementor-global-159 elementor-widget-divider\" data-id=\"19dff7c\" data-element_type=\"widget\" data-widget_type=\"divider.default\">\n\t\t\t\t<div class=\"elementor-widget-container\">\n\t\t\t\t\t<div class=\"elementor-divider\">\n\t\t\t<span class=\"elementor-divider-separator\">\n\t\t\t\t\t\t<\/span>\n\t\t<\/div>\n\t\t\t\t<\/div>\n\t\t\t\t<\/div>\n\t\t\t\t<div class=\"elementor-element elementor-element-c94aa48 elementor-widget elementor-widget-text-editor\" data-id=\"c94aa48\" data-element_type=\"widget\" data-widget_type=\"text-editor.default\">\n\t\t\t\t<div class=\"elementor-widget-container\">\n\t\t\t\t\t\t\t<div class=\"cascade-marker__marker--container__body--description\"><p>Con esta herramienta din\u00e1mica podr\u00e9is consultar en tiempo real la evoluci\u00f3n de las exportaciones espa\u00f1olas de vuestro sector. Tambi\u00e9n pod\u00e9is crear vuestro propio informe seleccionando la partida de vuestro inter\u00e9s.<\/p><\/div>\t\t\t\t\t\t<\/div>\n\t\t\t\t<\/div>\n\t\t\t\t<div class=\"elementor-element elementor-element-9704ffd elementor-widget elementor-widget-button\" data-id=\"9704ffd\" data-element_type=\"widget\" data-widget_type=\"button.default\">\n\t\t\t\t<div class=\"elementor-widget-container\">\n\t\t\t\t\t<div class=\"elementor-button-wrapper\">\n\t\t\t<a class=\"elementor-button elementor-button-link elementor-size-sm\" href=\"#\">\n\t\t\t\t\t\t<span class=\"elementor-button-content-wrapper\">\n\t\t\t\t\t\t<span class=\"elementor-button-text\">Informe exclusivo para miembros. Acceso Zona Privada. <\/span>\n\t\t<\/span>\n\t\t\t\t\t<\/a>\n\t\t<\/div>\n\t\t\t\t<\/div>\n\t\t\t\t<\/div>\n\t\t\t\t\t<\/div>\n\t\t<\/div>\n\t\t\t\t\t\t\t<\/div>\n\t\t<\/section>\n\t\t\t\t<section class=\"elementor-section elementor-top-section elementor-element elementor-element-1eb3632 elementor-section-boxed elementor-section-height-default elementor-section-height-default\" data-id=\"1eb3632\" data-element_type=\"section\" data-settings=\"{&quot;background_background&quot;:&quot;classic&quot;}\">\n\t\t\t\t\t\t<div class=\"elementor-container elementor-column-gap-default\">\n\t\t\t\t\t<div class=\"elementor-column elementor-col-33 elementor-top-column elementor-element elementor-element-7cb1513\" data-id=\"7cb1513\" data-element_type=\"column\">\n\t\t\t<div class=\"elementor-widget-wrap elementor-element-populated\">\n\t\t\t\t\t\t\t\t<div class=\"elementor-element elementor-element-ec6a766 elementor-widget elementor-widget-heading\" data-id=\"ec6a766\" data-element_type=\"widget\" data-widget_type=\"heading.default\">\n\t\t\t\t<div class=\"elementor-widget-container\">\n\t\t\t<h2 class=\"elementor-heading-title elementor-size-default\">\u00bfA\u00fan no eres miembro de amec?\n<\/h2>\t\t<\/div>\n\t\t\t\t<\/div>\n\t\t\t\t<div class=\"elementor-element elementor-element-dc612ef elementor-widget-divider--view-line elementor-widget elementor-widget-global elementor-global-159 elementor-widget-divider\" data-id=\"dc612ef\" data-element_type=\"widget\" data-widget_type=\"divider.default\">\n\t\t\t\t<div class=\"elementor-widget-container\">\n\t\t\t\t\t<div class=\"elementor-divider\">\n\t\t\t<span class=\"elementor-divider-separator\">\n\t\t\t\t\t\t<\/span>\n\t\t<\/div>\n\t\t\t\t<\/div>\n\t\t\t\t<\/div>\n\t\t\t\t\t<\/div>\n\t\t<\/div>\n\t\t\t\t<div class=\"elementor-column elementor-col-66 elementor-top-column elementor-element elementor-element-c793bea\" data-id=\"c793bea\" data-element_type=\"column\">\n\t\t\t<div class=\"elementor-widget-wrap elementor-element-populated\">\n\t\t\t\t\t\t\t\t<div class=\"elementor-element elementor-element-ca0918c elementor-widget elementor-widget-text-editor\" data-id=\"ca0918c\" data-element_type=\"widget\" data-widget_type=\"text-editor.default\">\n\t\t\t\t<div class=\"elementor-widget-container\">\n\t\t\t\t\t\t\t<p class=\"p1\">Si eres una empresa industrial dispuesta a liderar el mercado internacional, te estamos esperando.\u00a0<em><strong>amec<\/strong><\/em>\u00a0va a contribuir a vuestro<strong>\u00a0desarrollo empresarial, industrial e internacional.\u00a0<\/strong><\/p>\t\t\t\t\t\t<\/div>\n\t\t\t\t<\/div>\n\t\t\t\t<div class=\"elementor-element elementor-element-12b2763 elementor-position-right elementor-vertical-align-middle elementor-widget__width-auto elementor-view-default elementor-mobile-position-top elementor-widget elementor-widget-icon-box\" data-id=\"12b2763\" data-element_type=\"widget\" data-widget_type=\"icon-box.default\">\n\t\t\t\t<div class=\"elementor-widget-container\">\n\t\t\t<link rel=\"stylesheet\" href=\"https:\/\/elementor2.ameclexdir.com\/wp-content\/plugins\/elementor\/assets\/css\/widget-icon-box.min.css\">\t\t<div class=\"elementor-icon-box-wrapper\">\n\t\t\t\t\t\t<div class=\"elementor-icon-box-icon\">\n\t\t\t\t<a href=\"https:\/\/elementor2.ameclexdir.com\/index.php\/unete\/\" class=\"elementor-icon elementor-animation-\" tabindex=\"-1\">\n\t\t\t\t<svg xmlns=\"http:\/\/www.w3.org\/2000\/svg\" width=\"53.45\" height=\"9.228\" viewBox=\"0 0 53.45 9.228\"><g id=\"Componente_3_144\" data-name=\"Componente 3 &#x2013; 144\" transform=\"translate(0 0.354)\"><line id=\"L&#xED;nea_68\" data-name=\"L&#xED;nea 68\" x2=\"53\" transform=\"translate(0 4.259)\" fill=\"none\" stroke=\"#ffffff\" stroke-miterlimit=\"10\" stroke-width=\"1\"><\/line><path id=\"Trazado_107\" data-name=\"Trazado 107\" d=\"M253.076,4313.4l4.26,4.26-4.26,4.261\" transform=\"translate(-204.594 -4313.398)\" fill=\"none\" stroke=\"#ffffff\" stroke-miterlimit=\"10\" stroke-width=\"1\"><\/path><\/g><\/svg>\t\t\t\t<\/a>\n\t\t\t<\/div>\n\t\t\t\t\t\t<div class=\"elementor-icon-box-content\">\n\t\t\t\t<p class=\"elementor-icon-box-title\">\n\t\t\t\t\t<a href=\"https:\/\/elementor2.ameclexdir.com\/index.php\/unete\/\" >\n\t\t\t\t\t\t\u00danete \t\t\t\t\t<\/a>\n\t\t\t\t<\/p>\n\t\t\t\t\t\t\t<\/div>\n\t\t<\/div>\n\t\t\t\t<\/div>\n\t\t\t\t<\/div>\n\t\t\t\t\t<\/div>\n\t\t<\/div>\n\t\t\t\t\t\t\t<\/div>\n\t\t<\/section>\n\t\t\t\t<section class=\"elementor-section elementor-top-section elementor-element elementor-element-3141afe elementor-section-boxed elementor-section-height-default elementor-section-height-default\" data-id=\"3141afe\" data-element_type=\"section\" data-settings=\"{&quot;background_background&quot;:&quot;classic&quot;}\">\n\t\t\t\t\t\t<div class=\"elementor-container elementor-column-gap-default\">\n\t\t\t\t\t<div class=\"elementor-column elementor-col-33 elementor-top-column elementor-element elementor-element-53ca309\" data-id=\"53ca309\" data-element_type=\"column\">\n\t\t\t<div class=\"elementor-widget-wrap elementor-element-populated\">\n\t\t\t\t\t\t\t\t<div class=\"elementor-element elementor-element-2a21f09 elementor-widget elementor-widget-heading\" data-id=\"2a21f09\" data-element_type=\"widget\" data-widget_type=\"heading.default\">\n\t\t\t\t<div class=\"elementor-widget-container\">\n\t\t\t<h2 class=\"elementor-heading-title elementor-size-default\">Zona CO\n<\/h2>\t\t<\/div>\n\t\t\t\t<\/div>\n\t\t\t\t<div class=\"elementor-element elementor-element-c0b2e94 elementor-widget-divider--view-line elementor-widget elementor-widget-global elementor-global-159 elementor-widget-divider\" data-id=\"c0b2e94\" data-element_type=\"widget\" data-widget_type=\"divider.default\">\n\t\t\t\t<div class=\"elementor-widget-container\">\n\t\t\t\t\t<div class=\"elementor-divider\">\n\t\t\t<span class=\"elementor-divider-separator\">\n\t\t\t\t\t\t<\/span>\n\t\t<\/div>\n\t\t\t\t<\/div>\n\t\t\t\t<\/div>\n\t\t\t\t\t<\/div>\n\t\t<\/div>\n\t\t\t\t<div class=\"elementor-column elementor-col-66 elementor-top-column elementor-element elementor-element-c0e6237\" data-id=\"c0e6237\" data-element_type=\"column\">\n\t\t\t<div class=\"elementor-widget-wrap elementor-element-populated\">\n\t\t\t\t\t\t\t\t<div class=\"elementor-element elementor-element-08944fc elementor-widget elementor-widget-text-editor\" data-id=\"08944fc\" data-element_type=\"widget\" data-widget_type=\"text-editor.default\">\n\t\t\t\t<div class=\"elementor-widget-container\">\n\t\t\t\t\t\t\t<p><strong>Entra y multiplica tus capacidades.<\/strong><\/p><p>Los socios de\u00a0<em><strong>amec<\/strong>\u00a0<\/em>disponen de la Zona Co, una herramienta digital que se adapta a las necesidades e intereses de cada uno de ellos. Desc\u00fabrela.\u00a0<\/p>\t\t\t\t\t\t<\/div>\n\t\t\t\t<\/div>\n\t\t\t\t<div class=\"elementor-element elementor-element-bb87d4e elementor-position-right elementor-vertical-align-middle elementor-widget__width-auto elementor-view-default elementor-mobile-position-top elementor-widget elementor-widget-icon-box\" data-id=\"bb87d4e\" data-element_type=\"widget\" data-widget_type=\"icon-box.default\">\n\t\t\t\t<div class=\"elementor-widget-container\">\n\t\t\t\t\t<div class=\"elementor-icon-box-wrapper\">\n\t\t\t\t\t\t<div class=\"elementor-icon-box-icon\">\n\t\t\t\t<a href=\"https:\/\/elementor2.ameclexdir.com\/login.php?url_origen=%2Fes%2Fpag89%2Fprivada-home.htm\" class=\"elementor-icon elementor-animation-\" tabindex=\"-1\">\n\t\t\t\t<svg xmlns=\"http:\/\/www.w3.org\/2000\/svg\" width=\"53.45\" height=\"9.228\" viewBox=\"0 0 53.45 9.228\"><g id=\"Componente_3_144\" data-name=\"Componente 3 &#x2013; 144\" transform=\"translate(0 0.354)\"><line id=\"L&#xED;nea_68\" data-name=\"L&#xED;nea 68\" x2=\"53\" transform=\"translate(0 4.259)\" fill=\"none\" stroke=\"#ffda2f\" stroke-miterlimit=\"10\" stroke-width=\"1\"><\/line><path id=\"Trazado_107\" data-name=\"Trazado 107\" d=\"M253.076,4313.4l4.26,4.26-4.26,4.261\" transform=\"translate(-204.594 -4313.398)\" fill=\"none\" stroke=\"#ffda2f\" stroke-miterlimit=\"10\" stroke-width=\"1\"><\/path><\/g><\/svg>\t\t\t\t<\/a>\n\t\t\t<\/div>\n\t\t\t\t\t\t<div class=\"elementor-icon-box-content\">\n\t\t\t\t<p class=\"elementor-icon-box-title\">\n\t\t\t\t\t<a href=\"https:\/\/elementor2.ameclexdir.com\/login.php?url_origen=%2Fes%2Fpag89%2Fprivada-home.htm\" >\n\t\t\t\t\t\tEntrar\t\t\t\t\t<\/a>\n\t\t\t\t<\/p>\n\t\t\t\t\t\t\t<\/div>\n\t\t<\/div>\n\t\t\t\t<\/div>\n\t\t\t\t<\/div>\n\t\t\t\t\t<\/div>\n\t\t<\/div>\n\t\t\t\t\t\t\t<\/div>\n\t\t<\/section>\n\t\t\t\t\t\t\t<\/div>\n\t\t","protected":false},"excerpt":{"rendered":"<p>Antic\u00edpate La valiosa informaci\u00f3n que generan los datos Con los datos las empresas pueden tomar decisiones y\/o enfatizar acciones.\u00a0Tener informaci\u00f3n actualizada sobre el comportamiento y evoluci\u00f3n de las ventas de productos espa\u00f1oles en los mercados internacionales permite detectar tendencias, oportunidades y riesgos, si cabe. Nuestra misi\u00f3n pasa por detectar qu\u00e9 datos pueden ser \u00fatiles para [&hellip;]<\/p>\n","protected":false},"author":1,"featured_media":1227,"parent":398,"menu_order":0,"comment_status":"closed","ping_status":"closed","template":"","meta":{"inline_featured_image":false,"footnotes":""},"class_list":["post-556","page","type-page","status-publish","has-post-thumbnail","hentry"],"acf":[],"_links":{"self":[{"href":"https:\/\/elementor2.ameclexdir.com\/index.php\/wp-json\/wp\/v2\/pages\/556","targetHints":{"allow":["GET"]}}],"collection":[{"href":"https:\/\/elementor2.ameclexdir.com\/index.php\/wp-json\/wp\/v2\/pages"}],"about":[{"href":"https:\/\/elementor2.ameclexdir.com\/index.php\/wp-json\/wp\/v2\/types\/page"}],"author":[{"embeddable":true,"href":"https:\/\/elementor2.ameclexdir.com\/index.php\/wp-json\/wp\/v2\/users\/1"}],"replies":[{"embeddable":true,"href":"https:\/\/elementor2.ameclexdir.com\/index.php\/wp-json\/wp\/v2\/comments?post=556"}],"version-history":[{"count":34,"href":"https:\/\/elementor2.ameclexdir.com\/index.php\/wp-json\/wp\/v2\/pages\/556\/revisions"}],"predecessor-version":[{"id":5863,"href":"https:\/\/elementor2.ameclexdir.com\/index.php\/wp-json\/wp\/v2\/pages\/556\/revisions\/5863"}],"up":[{"embeddable":true,"href":"https:\/\/elementor2.ameclexdir.com\/index.php\/wp-json\/wp\/v2\/pages\/398"}],"wp:featuredmedia":[{"embeddable":true,"href":"https:\/\/elementor2.ameclexdir.com\/index.php\/wp-json\/wp\/v2\/media\/1227"}],"wp:attachment":[{"href":"https:\/\/elementor2.ameclexdir.com\/index.php\/wp-json\/wp\/v2\/media?parent=556"}],"curies":[{"name":"wp","href":"https:\/\/api.w.org\/{rel}","templated":true}]}}